{"id":4694,"date":"2018-07-17T16:51:33","date_gmt":"2018-07-17T14:51:33","guid":{"rendered":"https:\/\/www.fokum.org\/?page_id=4694"},"modified":"2020-11-23T13:36:41","modified_gmt":"2020-11-23T12:36:41","slug":"deutsch-franzoesisches-forschungsprogramm","status":"publish","type":"page","link":"https:\/\/fokum.org\/en\/deutsch-franzoesisches-forschungsprogramm\/","title":{"rendered":"Deutsch-Franz\u00f6sisches Forschungsprogramm"},"content":{"rendered":"<h1>Deutsch-Franz\u00f6sisches Forschungsprogramm: Kunstmarkt und Kunst sammeln von 1900 bis heute in Deutschland und Frankreich<\/h1>\n<p><b><a href=\"https:\/\/www.fokum.org\/wp-content\/uploads\/2019\/02\/Programme-Marche-de-lArt-mars2019.pdf\">Paris, France, 11-13 March 2019<\/a><br \/><a href=\"https:\/\/www.fokum.org\/wp-content\/uploads\/2019\/02\/Berlin-Programme-Art-Market-Art-Collecting_NOV.8-10.2018.pdf\">Berlin, Germany, 8-10 November 2018<\/a><\/b><\/p>\n<div id=\"attachment_5053\" style=\"width: 295px\"  class=\"wp-caption alignleft\"><a href=\"https:\/\/www.fokum.org\/wp-content\/uploads\/2018\/10\/1.png\"><img loading=\"lazy\" decoding=\"async\" class=\"wp-image-5053\" src=\"https:\/\/www.fokum.org\/wp-content\/uploads\/2018\/10\/1-300x296.png\" alt=\"\" width=\"285\" height=\"281\" srcset=\"https:\/\/fokum.org\/wp-content\/uploads\/2018\/10\/1-300x296.png 300w, https:\/\/fokum.org\/wp-content\/uploads\/2018\/10\/1.png 507w\" sizes=\"auto, (max-width: 285px) 100vw, 285px\" \/><\/a><p class=\"wp-caption-text\">Weltkunst, Vol. VIII, Nr. 25, June 24<sup>th<\/sup>, 1934, 1\/ Gazette de L\u2019H\u00f4tel Drouot, Vol. 49, Nr. 34,\u00a0 Octobre 3<sup>rd<\/sup>, 1940, 1.<\/p><\/div>\n<p>INTERNATIONAL CONFERENCE OF THE GERMAN-FRENCH RESEARCH PROGRAMME 2018-2019 IN BERLIN<\/p>\n<p><strong>Germany and France: Art Market and Art Collecting 1900-1945\u00a0<\/strong><\/p>\n<p><strong>Venue:<\/strong> TU Berlin, Senate Room H 1035\/1036, Stra\u00dfe des 17. Juni 135, 10623 Berlin<br \/><strong>Date:<\/strong> 9\u201310 November 2018<\/p>\n<p style=\"text-align: justify;\">The conference is part of the <a href=\"https:\/\/berlinscienceweek.com\/\" target=\"_blank\" rel=\"noopener noreferrer\">Berlin Science Week 2018<\/a> as well as the first part of the German-French Research Programme 2018\u20132019 \u201cArt Market and Art Collecting from 1900 to the Present in Germany and France\u201d, organised by the Forum Kunst und Markt \/ Centre for Art Market Studies at TU Berlin and the <a class=\"extern\" href=\"http:\/\/centregeorgsimmel.ehess.fr\/\">Centre Georg Simmel<\/a>\u00a0at the\u00a0<a class=\"extern\" href=\"https:\/\/www.ehess.fr\/fr\">\u00c9cole des Hautes \u00c9tudes en Sciences Sociales<\/a>\u00a0in collaboration with the\u00a0<a class=\"extern\" href=\"https:\/\/dfk-paris.org\/de\">Deutsches Forum f\u00fcr Kunstgeschichte Paris<\/a>. The German-French Research Programme 2018\u20132019 is funded by the <a class=\"extern\" href=\"https:\/\/www.dfh-ufa.org\/aktuelles\/\" target=\"_blank\" rel=\"noopener noreferrer\">UFA\/DFH<\/a>.<\/p>\n<p><strong>Downloads:<\/strong><br \/><a href=\"https:\/\/www.fokum.org\/wp-content\/uploads\/2018\/09\/CFP-German-French-Research-Programme-2018-2019.pdf\" target=\"_blank\" rel=\"noopener noreferrer\">CFP German-French Research Programme 2018-2019<\/a><br \/><a href=\"https:\/\/www.fokum.org\/wp-content\/uploads\/2018\/10\/Kunst_und_Markt_Flyer_2018_FINAL_Netz.pdf\">Flyer Germany and France: Art Market and Art Collecting 1900-1945\u00a0<\/a><br \/><a href=\"https:\/\/www.fokum.org\/wp-content\/uploads\/2018\/10\/Kunst_und_Markt_Plakat_2018_FINAL_Netz.pdf\">Poster Germany and France: Art Market and Art Collecting 1900-1945\u00a0<\/a><br \/><a href=\"https:\/\/www.fokum.org\/wp-content\/uploads\/2018\/11\/Booklet-Germany-and-France-Art-Market-and-Art-Collecting-1900-1945.pdf\">Booklet Germany and France: Art Market and Art Collecting 1900-1945<\/a><\/p>\n<p><strong>Reviews:<\/strong><br \/>Elena Maria Rita Rizzi, Florence, in: <a href=\"https:\/\/www.hsozkult.de\/conferencereport\/id\/tagungsberichte-8067?title=germany-and-france-art-market-and-art-collecting-1900-1945&#038;recno=3&#038;q=&#038;sort=&#038;fq=&#038;total=7778\">H\/Soz\/Kult<\/a>, 25\/01\/19<br \/><span class=\"reviewer\">Vanessa von Kolpinski<\/span>, Berlin, in:\u00a0<a href=\"https:\/\/arthist.net\/reviews\/20120\/mode=conference\">ArtHist.net<\/a>, 6\/02\/2019<\/p>\n<p style=\"text-align: justify;\"><span class=\"smal\">++Title, abstract and programme are always written in the respective conference language.<\/span><span style=\"text-align: justify; font-size: 1rem;\">++<\/span><\/p>\n<p style=\"text-align: justify;\">Refugee crises, trade wars, migration debates: within the context of global geopolitical, economic and cultural-political upheavals, Europe is presently undergoing a process of transformation. At the same time, European territorial occupations and past colonial rules are coming increasingly into the focus of national and transnational scholarship and the politics underlying it.<\/p>\n<p style=\"text-align: justify;\">The international conference \u201cGermany and France: Art Market and Art Collecting 1900\u20131945\u201d at TU Berlin responds to these dynamics. The thematic emphasis is research into the art market and art collecting in national and transnational networks in Germany and France as well as how these networks relate to art and cultural policy from 1900 to 1945.<\/p>\n<p style=\"text-align: justify;\"><strong>CONFERENCE PROGRAMME<\/strong><\/p>\n<p><strong>Friday, 9 November 2018<br \/><\/strong>Venue: TU Berlin, Senate Room H 1035\/1036, Stra\u00dfe des 17. Juni 135, 10623 Berlin<\/p>\n<p>10:00 Registration<\/p>\n<p>10:30 Welcome: B\u00e9n\u00e9dicte Savoy (Berlin \/ Paris)<br \/>Introduction: Dorothee Wimmer (Berlin)<\/p>\n<p><strong>Section 1<br \/><\/strong><strong>Germany and France I: The Power of Art Publishing\u00a0 <\/strong><br \/>Chair: Andrea Meyer (Berlin)<\/p>\n<p>10:45 Friederike Kitschen (Berlin)<br \/>Marketing Instruments? Art Book Series and the Art Market 1900\u20131930<\/p>\n<p>11:15 Chara Kolokytha (Newcastle \/ Berlin)<br \/>Museum Acquisition Policies in Germany and France: The Interwar Advocacy of <em>Cahiers d\u2019Art<\/em><\/p>\n<p>11:45 Kate Kangaslahti (Leuven)<br \/><em>Cahiers d\u2019art<\/em> 1926\u20131940: Modern Painting, <em>mise en march\u00e9<\/em> and <em>mise en page<\/em><\/p>\n<p>12:15 Lunch Break<\/p>\n<p><strong>Section 2<br \/>Germany and France II: Confrontations, Networks and Economics <\/strong><br \/>Chair: Johannes Nathan (Z\u00fcrich \/ Berlin)<\/p>\n<p>14:00 L\u00e9a Saint-Raymond (Paris)<br \/>Invaders or Ordinary Collectors? German Protagonists at Parisian Auctions (1900\u20131939)<\/p>\n<p>14:30 MaryKate Cleary (Edinburgh)<br \/>Transnational Networks \u2013 Paul Rosenberg and the Rise of Contemporary French Art on the German-speaking Market 1918\u20131929<\/p>\n<p>15:00 Coffee Break<\/p>\n<p>15:30 Yves Guignard (Lausanne)<br \/>The French-German Connections of the Art Dealer and Collector Wilhelm Uhde (1874\u20131947)<\/p>\n<p>16:00 David Challis (Melbourne)<br \/>Currency Devaluation and the Interwar Art Market for French Modernist Art<\/p>\n<p>16:30 Coffee Break<\/p>\n<p><strong>KEYNOTE LECTURE<\/strong><\/p>\n<p>18:00 Marek Claassen (Berlin)<br \/>Modern and Contemporary French and German Artists: Quality \u2013 Value \u2013 Ranking<\/p>\n<p>19:30 Reception<\/p>\n<hr style=\"margin: 0 0 0 0;\" \/>\n<p><strong><br \/>Saturday, 10 November 2018<br \/><\/strong>Venue: TU Berlin, Senate Room H 1035\/1036, Stra\u00dfe des 17. Juni 135, 10623 Berlin<\/p>\n<p><strong>Section 3<br \/>Germany and France III: Politics and Markets <\/strong><br \/>Chair: Meike Hopp (M\u00fcnchen \/ Berlin)<\/p>\n<p>10:00 Welcome: Dorothee Wimmer (Berlin)<br \/>Introduction: Elisabeth Furtw\u00e4ngler (Berlin)<\/p>\n<p>10:15 V\u00e9rane Tasseau (Paris)<br \/>Raoul La Roche and the Sales from Kahnweiler\u2019s \u201cEnemy Property\u201d after WW I<\/p>\n<p>10:45 Gitta Ho (Paris)<br \/>Secret Networks. Jewish Art Dealers Active in France during the Occupation<\/p>\n<p>11:15 Coffee Break<\/p>\n<p>11:30 Nathalie Neumann (Berlin)<br \/>The Power of Experts: Walter Borchers and the ERR<\/p>\n<p>12:00 Mattes Lammert (Berlin \/ Paris)<br \/>\u201cBefore it is too late\u201d: Acquisitions of Islamic Art by Berlin Museums<\/p>\n<p>12:30 Conference ends<\/p>\n<hr style=\"margin: 0 0 0 0;\" \/>\n<p><strong><br \/>Additional Information:\u00a0<\/strong>Admission is free. No registration is required but space is limited. The conference language is English.<\/p>\n<p><strong>Conference Venue:<\/strong>\u00a0TU Berlin, Senate Room H 1035\/1036, Stra\u00dfe des 17. Juni 135, 10623 Berlin<\/p>\n<p><strong>Concept and Organisation of the Conference in Berlin:<\/strong>\u00a0Dorothee Wimmer and Elisabeth Furtw\u00e4ngler in collaboration with Xenia Schiemann (TU Berlin, Forum Kunst und Markt \/ Centre for Art Market Studies)<\/p>\n<p><strong>Scientific Committee of the German-French Research Programme 2018-2019:<\/strong>\u00a0Julia Drost (DFK), Elisabeth Furtw\u00e4ngler (TU Berlin), H\u00e9l\u00e8ne Ivanoff (Centre Georg Simmel \/ EHESS), Denise Vernerey-Laplace (Centre Georg Simmel \/ EHESS), Dorothee Wimmer (TU Berlin, Forum Kunst und Markt \/ Centre for Art Market Studies)<\/p>\n<p><strong>Financial Support:<\/strong>\u00a0The German-French Research Programme 2018\u20132019 is funded by the <a class=\"extern\" href=\"https:\/\/www.dfh-ufa.org\/aktuelles\/\" target=\"_blank\" rel=\"noopener noreferrer\">Universit\u00e9 franco-allemande\/Deutsch-Franz\u00f6sische Hochschule<\/a>.<\/p>\n<p><strong>Partners:<\/strong><\/p>\n<p><a href=\"https:\/\/www.fokum.org\/wp-content\/uploads\/2018\/10\/Partner.png\"><img loading=\"lazy\" decoding=\"async\" class=\"alignnone wp-image-5085 \" src=\"https:\/\/www.fokum.org\/wp-content\/uploads\/2018\/10\/Partner-300x199.png\" alt=\"\" width=\"401\" height=\"266\" srcset=\"https:\/\/fokum.org\/wp-content\/uploads\/2018\/10\/Partner-300x199.png 300w, https:\/\/fokum.org\/wp-content\/uploads\/2018\/10\/Partner.png 553w\" sizes=\"auto, (max-width: 401px) 100vw, 401px\" \/><\/a><\/p>\n<p><strong>Funded by:<\/strong><\/p>\n<p><a href=\"https:\/\/www.fokum.org\/wp-content\/uploads\/2014\/08\/dfh-ufa.jpg\"><img loading=\"lazy\" decoding=\"async\" class=\"alignnone size-medium wp-image-4632\" src=\"https:\/\/www.fokum.org\/wp-content\/uploads\/2014\/08\/dfh-ufa-300x100.jpg\" alt=\"\" width=\"300\" height=\"100\" srcset=\"https:\/\/fokum.org\/wp-content\/uploads\/2014\/08\/dfh-ufa-300x100.jpg 300w, https:\/\/fokum.org\/wp-content\/uploads\/2014\/08\/dfh-ufa-1024x340.jpg 1024w, https:\/\/fokum.org\/wp-content\/uploads\/2014\/08\/dfh-ufa-600x199.jpg 600w, https:\/\/fokum.org\/wp-content\/uploads\/2014\/08\/dfh-ufa-1536x510.jpg 1536w, https:\/\/fokum.org\/wp-content\/uploads\/2014\/08\/dfh-ufa-2048x680.jpg 2048w, https:\/\/fokum.org\/wp-content\/uploads\/2014\/08\/dfh-ufa-624x207.jpg 624w\" sizes=\"auto, (max-width: 300px) 100vw, 300px\" \/><\/a><\/p>\n<p><strong>Part of:<\/strong><\/p>\n<p><a href=\"https:\/\/www.fokum.org\/wp-content\/uploads\/2018\/10\/Berlin-Science-Week-2018.jpeg\"><img loading=\"lazy\" decoding=\"async\" class=\"alignnone  wp-image-5088\" src=\"https:\/\/www.fokum.org\/wp-content\/uploads\/2018\/10\/Berlin-Science-Week-2018-300x300.jpeg\" alt=\"\" width=\"105\" height=\"105\" srcset=\"https:\/\/fokum.org\/wp-content\/uploads\/2018\/10\/Berlin-Science-Week-2018-300x300.jpeg 300w, https:\/\/fokum.org\/wp-content\/uploads\/2018\/10\/Berlin-Science-Week-2018-150x150.jpeg 150w, https:\/\/fokum.org\/wp-content\/uploads\/2018\/10\/Berlin-Science-Week-2018.jpeg 480w\" sizes=\"auto, (max-width: 105px) 100vw, 105px\" \/><\/a><\/p>\n<p style=\"text-align: right;\"><a href=\"https:\/\/www.fokum.org\/en\/workshoparchiv\/\" target=\"_blank\" rel=\"noopener noreferrer\">back<\/a><\/p>\n\n\n<p><\/p>\n","protected":false},"excerpt":{"rendered":"<p>Deutsch-Franz\u00f6sisches Forschungsprogramm: Kunstmarkt und Kunst sammeln von 1900 bis heute in Deutschland und Frankreich Paris, France, 11-13 March 2019Berlin, Germany, 8-10 November 2018 INTERNATIONAL CONFERENCE OF THE GERMAN-FRENCH RESEARCH PROGRAMME 2018-2019 IN BERLIN Germany and France: Art Market and Art Collecting 1900-1945\u00a0 Venue: TU Berlin, Senate Room H 1035\/1036, Stra\u00dfe des 17. Juni 135, 10623 [&hellip;]<\/p>\n","protected":false},"author":13,"featured_media":0,"parent":0,"menu_order":0,"comment_status":"closed","ping_status":"closed","template":"","meta":{"footnotes":""},"class_list":["post-4694","page","type-page","status-publish","hentry"],"_links":{"self":[{"href":"https:\/\/fokum.org\/en\/wp-json\/wp\/v2\/pages\/4694","targetHints":{"allow":["GET"]}}],"collection":[{"href":"https:\/\/fokum.org\/en\/wp-json\/wp\/v2\/pages"}],"about":[{"href":"https:\/\/fokum.org\/en\/wp-json\/wp\/v2\/types\/page"}],"author":[{"embeddable":true,"href":"https:\/\/fokum.org\/en\/wp-json\/wp\/v2\/users\/13"}],"replies":[{"embeddable":true,"href":"https:\/\/fokum.org\/en\/wp-json\/wp\/v2\/comments?post=4694"}],"version-history":[{"count":186,"href":"https:\/\/fokum.org\/en\/wp-json\/wp\/v2\/pages\/4694\/revisions"}],"predecessor-version":[{"id":7977,"href":"https:\/\/fokum.org\/en\/wp-json\/wp\/v2\/pages\/4694\/revisions\/7977"}],"wp:attachment":[{"href":"https:\/\/fokum.org\/en\/wp-json\/wp\/v2\/media?parent=4694"}],"curies":[{"name":"wp","href":"https:\/\/api.w.org\/{rel}","templated":true}]}}