{"id":11567,"date":"2025-03-13T14:49:56","date_gmt":"2025-03-13T13:49:56","guid":{"rendered":"https:\/\/fokum.org\/?page_id=11567"},"modified":"2026-02-09T09:17:57","modified_gmt":"2026-02-09T08:17:57","slug":"konferenz-2025","status":"publish","type":"page","link":"https:\/\/fokum.org\/en\/konferenz-2025\/","title":{"rendered":"Digital Turn 2025"},"content":{"rendered":"\n<h1>Conference 2025<\/h1>\n<h2>Digital Turn. Collections \u2013 Provenances \u2013 Markets<\/h2>\n<div>\n<p style=\"font-weight: 400;\"><strong>Date:<\/strong> Thursday, November 27 and Friday, November 28, 2025<br \/><strong>Venue:<\/strong> <a href=\"https:\/\/bauten.hu-berlin.de\/de\/grimm\/lage_und_anschrift\/lage_und_anschrift_jacob-und-wilhelm-grimm-zentrum\" target=\"_blank\" rel=\"noopener\">Auditorium im Jacob-und-Wilhelm-Grimm-Zentrum der Humboldt-Universit\u00e4t zu Berlin<\/a>, Geschwister-Scholl-Stra\u00dfe 1-3, 10117 Berlin<\/p>\n<\/div>\n<p style=\"text-align: justify;\">Conference organised by the Centre for Art Market Studies in cooperation with the Department of Digital Provenance at TU Berlin and <a href=\"https:\/\/sammlungen.io\" target=\"_blank\" rel=\"noopener\">SODa \u2013 Collections, Objects, Data Literacy \/ HU Berlin<\/a><\/p>\n<p><strong>Downloads<\/strong><\/p>\n<ul>\n<li><a href=\"https:\/\/fokum.org\/wp-content\/uploads\/2025\/04\/2025_11_27_CFP-Digital-Turn-final.pdf\" target=\"_blank\" rel=\"noopener\">CfP Digital Turn 2025<\/a><\/li>\n<li><a href=\"https:\/\/doi.org\/10.5281\/zenodo.17405615\" target=\"_blank\" rel=\"noopener\">Booklet Digital Turn 2025<\/a><\/li>\n<li><a href=\"https:\/\/zenodo.org\/communities\/digital-turn\/\" target=\"_blank\" rel=\"noopener\">Zenodo-Community &#8220;Digital Turn&#8221;<\/a><\/li>\n<li><a href=\"https:\/\/sammlungen.io\/dt-miro\" target=\"_blank\" rel=\"noopener\">Tagungsreflexionen (Miro-Board)<\/a><\/li>\n<li>Reichert, R. (2025, December 17). R\u00fcckblick auf die Konferenz \u201eDigital Turn. Sammlungen \u2013 Provenienzen \u2013 M\u00e4rkte\u201c. SODa -Blog. <a href=\"https:\/\/sammlungen.io\/blog\/rueckblick-auf-die-konferenz-digital-turn-sammlungen-provenienzen-maerkte\" target=\"_blank\" rel=\"noopener\">https:\/\/sammlungen.io\/blog\/rueckblick-auf-die-konferenz-digital-turn-sammlungen-provenienzen-maerkte<\/a>.\u00a0<\/li>\n<li>Haffner, D. (February 6, 2026). [Conference report on:] Digital Turn. Sammlungen &#8211; Provenienzen &#8211; M\u00e4rkte (in German). ArtHist.net. <a href=\"https:\/\/arthist.net\/reviews\/51685\" target=\"_blank\" rel=\"noopener\">https:\/\/arthist.net\/reviews\/51685.<\/a><\/li>\n<\/ul>\n<div id=\"attachment_12052\" style=\"width: 635px\"  class=\"wp-caption aligncenter\"><img loading=\"lazy\" decoding=\"async\" class=\"wp-image-12052 size-large\" src=\"https:\/\/fokum.org\/wp-content\/uploads\/2025\/11\/Tagungsbild_quer-1024x768.png\" alt=\"\" width=\"625\" height=\"469\" srcset=\"https:\/\/fokum.org\/wp-content\/uploads\/2025\/11\/Tagungsbild_quer-1024x768.png 1024w, https:\/\/fokum.org\/wp-content\/uploads\/2025\/11\/Tagungsbild_quer-300x225.png 300w, https:\/\/fokum.org\/wp-content\/uploads\/2025\/11\/Tagungsbild_quer-768x576.png 768w, https:\/\/fokum.org\/wp-content\/uploads\/2025\/11\/Tagungsbild_quer-624x468.png 624w, https:\/\/fokum.org\/wp-content\/uploads\/2025\/11\/Tagungsbild_quer-1320x990.png 1320w, https:\/\/fokum.org\/wp-content\/uploads\/2025\/11\/Tagungsbild_quer.png 1334w\" sizes=\"auto, (max-width: 625px) 100vw, 625px\" \/><p class=\"wp-caption-text\">SODa\/Fokum, CC BY-SA 4.0.<\/p><\/div>\n<p style=\"text-align: justify;\">How is the digital transformation \u2013 from big data to artificial intelligence \u2013 reshaping research on collections, provenance, and the art market, both today and in the future? What are the key characteristics, methods, challenges, and potentials of digital approaches in these domains? What data skills are needed to engage in this research? Furthermore, what structural frameworks need to be created or strengthened to enable transdisciplinary research that combines quantitative and qualitative perspectives?<\/p>\n<p style=\"text-align: justify;\">The conference invites researchers, IT specialists, and practitioners from GLAM institutions (Galleries, Libraries, Archives, Museums), universities, and the art and antiques market to engage in a dialogue on the challenges, opportunities, and possible solutions associated with the \u2018digital turn\u2019.<\/p>\n<h3>Registration<\/h3>\n<p>There is no conference fee. But due to limited space registration is required.\u00a0<strong>The conference is already fully booked.<\/strong><\/p>\n<h3 style=\"text-align: justify;\">Programme<\/h3>\n<p>Conference languages are German and English. Title, abstract and CV are written in the respective language of presentation.<\/p>\n<p><strong>Thursday, 28 November 2025<\/strong><\/p>\n<table class=\"table\" style=\"width: 100%; height: 1344px;\">\n<tbody>\n<tr style=\"height: 24px;\">\n<td style=\"width: 8.70229%; height: 24px;\"><span style=\"color: #000000;\">13:00<\/span><\/td>\n<td style=\"width: 91.145038%; height: 24px;\"><span style=\"color: #000000;\">Registration<\/span><\/td>\n<\/tr>\n<tr style=\"height: 72px;\">\n<td style=\"width: 8.70229%; height: 72px;\"><span style=\"color: #000000;\">14:00<\/span><\/td>\n<td style=\"width: 91.145038%; height: 72px;\"><span style=\"color: #000000;\">Welcome: Sarah Elena Link, Koordinierungsstelle f\u00fcr wissenschaftliche Universit\u00e4tssammlungen in Deutschland<\/span><br \/><span style=\"color: #000000;\">Introduction: Gabriele Z\u00f6llner, SODa \u2013 Sammlungen, Objekte, Datenkompetenzen<\/span><\/td>\n<\/tr>\n<tr style=\"height: 24px;\">\n<td style=\"width: 8.70229%; height: 24px;\">\u00a0<\/td>\n<td style=\"width: 91.145038%; height: 24px;\">\u00a0<\/td>\n<\/tr>\n<tr style=\"height: 48px;\">\n<td style=\"width: 99.847328%; height: 48px;\" colspan=\"2\"><span style=\"color: #000000;\"><strong>SESSION I: Provenance and Market Data. Finding \u2013 Modelling \u2013 Analysing<\/strong><\/span><br \/><span style=\"color: #000000;\">Moderation: Dorothee Wimmer (Berlin)<\/span><\/td>\n<\/tr>\n<tr style=\"height: 72px;\">\n<td style=\"width: 8.70229%; height: 72px;\"><span style=\"color: #000000;\">14:30<\/span><\/td>\n<td style=\"width: 91.145038%; height: 72px;\"><span style=\"color: #000000;\">Elisa Ludwig (Ulm), Antoinette Maget Dominic\u00e9 (Genf), Stefanie Schneider (M\u00fcnchen), Ricarda Vollmer (M\u00fcnchen) \/ Speakers: Stefanie Schneider, Elisa Ludwig<\/span><br \/><span style=\"color: #000000;\">Von der Herkunft zur Zukunft: Interdisziplin\u00e4re Ans\u00e4tze zur Erforschung von Provenienzen in Museen<\/span><\/td>\n<\/tr>\n<tr style=\"height: 48px;\">\n<td style=\"width: 8.70229%; height: 48px;\"><span style=\"color: #000000;\">15:00<\/span><\/td>\n<td style=\"width: 91.145038%; height: 48px;\"><span style=\"color: #000000;\">Sabine Lang, Alisha Mund, Mathias Zinnen (Erlangen-N\u00fcrnberg)<\/span><br \/><span style=\"color: #000000;\">Multimodale Suchen in Auktions- und Verkaufskatalogen auf Basis strukturierter Daten<\/span><\/td>\n<\/tr>\n<tr style=\"height: 48px;\">\n<td style=\"width: 8.70229%; height: 48px;\"><span lang=\"EN-US\" style=\"color: #000000;\">15:15<\/span><\/td>\n<td style=\"width: 91.145038%; height: 48px;\"><span lang=\"EN-US\" style=\"color: #000000;\">Johanna Stauber (Potsdam)<\/span><br \/><span lang=\"EN-US\" style=\"color: #000000;\">Encoding Provenance. Live-Demonstration des Provenance Interface<\/span><\/td>\n<\/tr>\n<tr style=\"height: 96px;\">\n<td style=\"width: 8.70229%; height: 96px;\"><span lang=\"EN-US\" style=\"color: #000000;\">15:30<\/span><\/td>\n<td style=\"width: 91.145038%; height: 96px;\"><span lang=\"EN-US\" style=\"color: #000000;\">Fenya Almstadt (Berlin \/ Brussel), El\u00e9a De Winter (Brussels), Alexandre Leroux (Brussels) \/ Speakers: Alexandre Leroux, Fenya Almstadt<\/span><br \/><span lang=\"EN-US\" style=\"color: #000000;\">From Object to the Art Market: a data model for provenance research at the Royal Museums of Fine Arts of Belgium, 1933\u20131960<\/span><\/td>\n<\/tr>\n<tr style=\"height: 24px;\">\n<td style=\"width: 8.70229%; height: 24px;\"><span lang=\"EN-US\" style=\"color: #000000;\">15:45<\/span><\/td>\n<td style=\"width: 91.145038%; height: 24px;\"><span lang=\"EN-US\" style=\"color: #000000;\">Break<\/span><\/td>\n<\/tr>\n<tr style=\"height: 24px;\">\n<td style=\"width: 8.70229%; height: 24px;\">\u00a0<\/td>\n<td style=\"width: 91.145038%; height: 24px;\">\u00a0<\/td>\n<\/tr>\n<tr style=\"height: 48px;\">\n<td style=\"width: 99.847328%; height: 48px;\" colspan=\"2\"><span lang=\"EN-US\" style=\"color: #000000;\"><strong>POSTER SESSION<\/strong><\/span><br \/><span lang=\"EN-US\" style=\"color: #000000;\">Moderation: Louise Tharandt (Berlin)<\/span><\/td>\n<\/tr>\n<tr style=\"height: 24px;\">\n<td style=\"width: 8.70229%; height: 24px;\"><span lang=\"EN-US\" style=\"color: #000000;\">16:00<\/span><\/td>\n<td style=\"width: 91.145038%; height: 24px;\"><span lang=\"EN-US\" style=\"color: #000000;\">One-Minute-Poster-Madness and FAQ<\/span><\/td>\n<\/tr>\n<tr style=\"height: 72px;\">\n<td style=\"width: 8.70229%; height: 72px;\">\u00a0<\/td>\n<td style=\"width: 91.145038%; height: 72px;\"><span style=\"color: #000000;\">Juliane Kraske (Magdeburg)<\/span><br \/><span style=\"color: #000000;\">Proveana \u2013 Forschung sichtbar machen: Zwischen wissenschaftlichem Bericht und strukturierter Datenbank<\/span><\/td>\n<\/tr>\n<tr style=\"height: 48px;\">\n<td style=\"width: 8.70229%; height: 48px;\">\u00a0<\/td>\n<td style=\"width: 91.145038%; height: 48px;\"><span style=\"color: #000000;\">Lars Feuer (Marburg)<\/span><br \/><span style=\"color: #000000;\">Digital(isiert)e Objekt-Agency. Die komplexe Systematik in der Erfassung der Agency eines Objekts<\/span><\/td>\n<\/tr>\n<tr style=\"height: 72px;\">\n<td style=\"width: 8.70229%; height: 72px;\">\u00a0<\/td>\n<td style=\"width: 91.145038%; height: 72px;\"><span style=\"color: #000000;\">Louise Adams, Vincent de Boer, Oliver Kahmen, Fiona M\u00f6hrle, Dietje Ziemer (Oldenburg) \/ Speaker: Oliver Kahmen<\/span><br \/><span style=\"color: #000000;\">The Digitisation of Ethnographic Objects Featuring Cowrie Shells in the Research Cluster ProSaDi: A Case Study of a &#8216;Cartridge Pouch&#8217; from Togo<\/span><\/td>\n<\/tr>\n<tr style=\"height: 96px;\">\n<td style=\"width: 8.70229%; height: 96px;\">\u00a0<\/td>\n<td style=\"width: 91.145038%; height: 96px;\"><span style=\"color: #000000;\">Ilja Labischinski, Hendryk Ortlieb (Berlin) \/ Speaker: Ilja Labischinski<\/span><br \/><span style=\"color: #000000;\">K\u00fcnstliche Intelligenz und koloniale Provenienz. Pilotprojekt zur Erprobung KI-gest\u00fctzter Transkription, \u00dcbersetzung und Visualisierung von Provenienzdaten aus kolonialen Kriegsz\u00fcgen in Deutsch-Neuguinea im Ethnologischen Museum Berlin<\/span><\/td>\n<\/tr>\n<tr style=\"height: 48px;\">\n<td style=\"width: 8.70229%; height: 48px;\">\u00a0<\/td>\n<td style=\"width: 91.145038%; height: 48px;\"><span style=\"color: #000000;\">Leander Gussmann (Vienna)<\/span><br \/><span style=\"color: #000000;\">Limna and the Shifting Epistemologies of Art-Market Value<\/span><\/td>\n<\/tr>\n<tr style=\"height: 72px;\">\n<td style=\"width: 8.70229%; height: 72px;\">\u00a0<\/td>\n<td style=\"width: 91.145038%; height: 72px;\"><span style=\"color: #000000;\">Iris Vogel, Narges Baba Ahmadi, Niloufar Baba Ahmadi, Chris Biemann, Florian Schneider, Martin Semmann (Hamburg) \/ Speaker: Martin Semmann\u00a0<\/span><br \/><span style=\"color: #000000;\">Exploration of Scientific Collections with multimodal agentic RAG systems<\/span><\/td>\n<\/tr>\n<tr style=\"height: 48px;\">\n<td style=\"width: 8.70229%; height: 48px;\">\u00a0<\/td>\n<td style=\"width: 91.145038%; height: 48px;\"><span style=\"color: #000000;\">Amy Isard, Sebastian Schirrmeister (Hamburg) \/ Speaker: Sebastian Schirrmeister<\/span><br \/><span style=\"color: #000000;\">Revisiting the Past. Visualising a Multilingual Private Guestbook from 20th Century Jerusalem\u00a0<\/span><\/td>\n<\/tr>\n<tr style=\"height: 72px;\">\n<td style=\"width: 8.70229%; height: 72px;\">\u00a0<\/td>\n<td style=\"width: 91.145038%; height: 72px;\"><span style=\"color: #000000;\">Elisa Ludwig, Eva Leistenschneider, Marina Nething, Philipp Kirf, 1tm.solutions (Ulm) \/ Speaker: Elisa Ludwig<\/span><br \/><span style=\"color: #000000;\">Digitale Vernetzungsstrategien f\u00fcr Quellen der Provenienzforschung: Herausforderungen und Chancen bei der Modellierung von nicht-standardisierten Archivdaten<\/span><\/td>\n<\/tr>\n<tr style=\"height: 48px;\">\n<td style=\"width: 8.70229%; height: 48px;\">\u00a0<\/td>\n<td style=\"width: 91.145038%; height: 48px;\"><span style=\"color: #000000;\">Ellen Prokop (Washington D.C.)<\/span><br \/><span style=\"color: #000000;\">A New Tool for Art Research: The First Iteration of the Pharos Platform<\/span><\/td>\n<\/tr>\n<tr style=\"height: 72px;\">\n<td style=\"width: 8.70229%; height: 72px;\">\u00a0<\/td>\n<td style=\"width: 91.145038%; height: 72px;\"><span style=\"color: #000000;\">Christoph Klose (Berlin)<\/span><br \/><span style=\"color: #000000;\">Linking L\u00f6bbecke: Die H\u00e4ndlerkorrespondenz zur gr\u00f6\u00dften geschlossenen Erwerbung des M\u00fcnzkabinetts Berlin<\/span><\/td>\n<\/tr>\n<tr style=\"height: 24px;\">\n<td style=\"width: 8.70229%; height: 24px;\">\u00a0<\/td>\n<td style=\"width: 91.145038%; height: 24px;\">\u00a0<\/td>\n<\/tr>\n<tr style=\"height: 48px;\">\n<td style=\"width: 99.847328%; height: 48px;\" colspan=\"2\"><span style=\"color: #000000;\"><strong>KEYNOTE LECTURE<\/strong><\/span><br \/><span style=\"color: #000000;\">Moderation: Gabriele Z\u00f6llner (Berlin)<\/span><\/td>\n<\/tr>\n<tr style=\"height: 48px;\">\n<td style=\"width: 8.70229%; height: 48px;\"><span style=\"color: #000000;\">17:30<\/span><\/td>\n<td style=\"width: 91.145038%; height: 48px;\"><span style=\"color: #000000;\">Meike Hopp<\/span><br \/><span style=\"color: #000000;\">Digitale Provenienzforschung: Alte Wege \u2013 Offene Fragen \u2013 Neue Wege<\/span><\/td>\n<\/tr>\n<tr style=\"height: 24px;\">\n<td style=\"width: 8.70229%; height: 24px;\"><span style=\"color: #000000;\">18:30<\/span><\/td>\n<td style=\"width: 91.145038%; height: 24px;\"><span style=\"color: #000000;\">Reception<\/span><\/td>\n<\/tr>\n<tr>\n<td style=\"width: 8.70229%;\"><span style=\"color: #000000;\">20:00<\/span><\/td>\n<td style=\"width: 91.145038%;\"><span style=\"color: #000000;\">End<\/span><\/td>\n<\/tr>\n<\/tbody>\n<\/table>\n<h4>Friday, 28 November 2025<\/h4>\n<table class=\"table\" style=\"width: 100%; height: 936px;\">\n<tbody>\n<tr style=\"height: 24px;\">\n<td style=\"width: 9.160305%; height: 24px;\"><span style=\"color: #000000;\">8:30<\/span><\/td>\n<td style=\"width: 90.687023%; height: 24px;\"><span style=\"color: #000000;\">Arrival<\/span><\/td>\n<\/tr>\n<tr style=\"height: 24px;\">\n<td style=\"width: 9.160305%; height: 24px;\"><span style=\"color: #000000;\">8:50<\/span><\/td>\n<td style=\"width: 90.687023%; height: 24px;\"><span style=\"color: #000000;\">Welcome: Dorothee Wimmer, Forum Kunst und Markt \/ Centre for Art Market Studies<\/span><\/td>\n<\/tr>\n<tr style=\"height: 24px;\">\n<td style=\"width: 9.160305%; height: 24px;\">\u00a0<\/td>\n<td style=\"width: 90.687023%; height: 24px;\">\u00a0<\/td>\n<\/tr>\n<tr style=\"height: 48px;\">\n<td style=\"width: 99.847328%; height: 48px;\" colspan=\"2\"><span lang=\"EN-US\" style=\"color: #000000;\"><strong>SECTION II: FAIR, CARE &#038; Beyond<\/strong><\/span><br \/><span lang=\"EN-US\" style=\"color: #000000;\">Moderation: Gesa Grimme (Berlin)<\/span><\/td>\n<\/tr>\n<tr style=\"height: 72px;\">\n<td style=\"width: 9.160305%; height: 72px;\"><span style=\"color: #000000;\">09:00<\/span><\/td>\n<td style=\"width: 90.687023%; height: 72px;\"><span style=\"color: #000000;\">Katharina Leyrer (Erlangen-N\u00fcrnberg)<\/span><br \/><span style=\"color: #000000;\">Value Sensitive Design: Ein Ansatz zum Umgang mit ethischen Fragestellungen im Sammlungsdatenmanagement<\/span><\/td>\n<\/tr>\n<tr style=\"height: 72px;\">\n<td style=\"width: 9.160305%; height: 72px;\"><span style=\"color: #000000;\">09:30<\/span><\/td>\n<td style=\"width: 90.687023%; height: 72px;\"><span style=\"color: #000000;\">Stella Barsch, Deborah Ehlers, Hans-Christian Jetter (L\u00fcbeck) \/ Speakers: Stella Barsch, Deborah Ehlers<\/span><br \/><span style=\"color: #000000;\">Unsicherheit Sichtbarkeit verleihen. Visualisierungsstrategien f\u00fcr Unsicherheit in kolonialen Sammlungskontexten<\/span><\/td>\n<\/tr>\n<tr style=\"height: 48px;\">\n<td style=\"width: 9.160305%; height: 48px;\"><span style=\"color: #000000;\">10:00<\/span><\/td>\n<td style=\"width: 90.687023%; height: 48px;\"><span style=\"color: #000000;\">Simon Albers, Ivonne Kaiser, Jennifer Tadge (Oldenburg) \/ Speaker: Jennifer Tadge<\/span><br \/><span style=\"color: #000000;\">Digital denken: 3D-Erfassung und -Darstellung ethnologischer Objekte aus Ozeanien und Alaska<\/span><\/td>\n<\/tr>\n<tr style=\"height: 72px;\">\n<td style=\"width: 9.160305%; height: 72px;\"><span style=\"color: #000000;\">10: 15<\/span><\/td>\n<td style=\"width: 90.687023%; height: 72px;\"><span style=\"color: #000000;\">Jamie Dau, Leslie Zimmermann (Mannheim)<\/span><br \/><span style=\"color: #000000;\">Museumsdaten im KI-Zeitalter: Verantwortungsbewusster Umgang mit diskriminierender Sprache in kolonialen Kontexten<\/span><\/td>\n<\/tr>\n<tr style=\"height: 24px;\">\n<td style=\"width: 9.160305%; height: 24px;\"><span style=\"color: #000000;\">10:30<\/span><\/td>\n<td style=\"width: 90.687023%; height: 24px;\"><span style=\"color: #000000;\">Break<\/span><\/td>\n<\/tr>\n<tr style=\"height: 24px;\">\n<td style=\"width: 9.160305%; height: 24px;\">\u00a0<\/td>\n<td style=\"width: 90.687023%; height: 24px;\">\u00a0<\/td>\n<\/tr>\n<tr style=\"height: 48px;\">\n<td style=\"width: 99.847328%; height: 48px;\" colspan=\"2\"><span style=\"color: #000000;\"><strong>SECTION III: AI &#038; Co in Data Cataloguing and Research<\/strong><\/span><br \/><span style=\"color: #000000;\">Moderation: Mathias Zinnen (Erlangen-N\u00fcrnberg)<\/span><\/td>\n<\/tr>\n<tr style=\"height: 72px;\">\n<td style=\"width: 9.160305%; height: 72px;\"><span style=\"color: #000000;\">11:00<\/span><\/td>\n<td style=\"width: 90.687023%; height: 72px;\"><span style=\"color: #000000;\">Ruth von dem Bussche (D\u00fcsseldorf), Georg Schelbert (M\u00fcnchen)<\/span><br \/><span style=\"color: #000000;\">KI-gest\u00fctzte Digitalisierung und Strukturierung historischer Inventare: Ein Praxisbericht zur Erschlie\u00dfung der Photothek des Zentralinstituts M\u00fcnchen<\/span><\/td>\n<\/tr>\n<tr style=\"height: 72px;\">\n<td style=\"width: 9.160305%; height: 72px;\"><span style=\"color: #000000;\">11:30<\/span><\/td>\n<td style=\"width: 90.687023%; height: 72px;\"><span style=\"color: #000000;\">Deidre Berger (Berlin), Anne Uhrlandt (Berlin \/ M\u00fcnchen) \/ Speaker: Anne Uhrlandt<\/span><br \/><span style=\"color: #000000;\">Jewish Digital Cultural Recovery Project (JDCRP): Introduction to JDCRP`s central digital archival platform on Nazi-looted art<\/span><\/td>\n<\/tr>\n<tr style=\"height: 72px;\">\n<td style=\"width: 9.160305%; height: 72px;\"><span style=\"color: #000000;\">12:00<\/span><\/td>\n<td style=\"width: 90.687023%; height: 72px;\"><span style=\"color: #000000;\">Carolin Faude-Nagel (M\u00fcnchen)<\/span><br \/><span style=\"color: #000000;\">Provenienzforschung mit KI-gest\u00fctzter Bildrecherche: Die Suche nach der Kunstsammlung Walther Rathenaus \u2013 Ein Praxisbeispiel<\/span><\/td>\n<\/tr>\n<tr style=\"height: 24px;\">\n<td style=\"width: 9.160305%; height: 24px;\"><span style=\"color: #000000;\">12:15<\/span><\/td>\n<td style=\"width: 90.687023%; height: 24px;\"><span style=\"color: #000000;\">Break<\/span><\/td>\n<\/tr>\n<tr style=\"height: 24px;\">\n<td style=\"width: 9.160305%; height: 24px;\">\u00a0<\/td>\n<td style=\"width: 90.687023%; height: 24px;\">\u00a0<\/td>\n<\/tr>\n<tr style=\"height: 96px;\">\n<td style=\"width: 99.847328%; height: 96px;\" colspan=\"2\">\n<p><span style=\"color: #000000;\"><strong>CONFERENCE REFLECTION. RESULTS \u2013 CHALLENGES \u2013 POTENTIAL<\/strong><\/span><\/p>\n<p><span lang=\"EN-US\" style=\"color: #000000;\">Moderation: Johannes Sch\u00e4ffer (Berlin)<\/span><\/p>\n<\/td>\n<\/tr>\n<tr style=\"height: 72px;\">\n<td style=\"width: 9.160305%; height: 72px;\"><span style=\"color: #000000;\">12:30<\/span><\/td>\n<td style=\"width: 90.687023%; height: 72px;\"><span style=\"color: #000000;\">Ruth von dem Bussche (D\u00fcsseldorf)<\/span><br \/><span style=\"color: #000000;\">Sarah Fr\u00fcndt (Berlin)<br \/>Martin Stricker (Berlin<\/span><\/td>\n<\/tr>\n<tr style=\"height: 24px;\">\n<td style=\"width: 9.160305%; height: 24px;\"><span style=\"color: #000000;\">13:30<\/span><\/td>\n<td style=\"width: 90.687023%; height: 24px;\"><span style=\"color: #000000;\">End<\/span><\/td>\n<\/tr>\n<\/tbody>\n<\/table>\n<h3>Concept<\/h3>\n<p>Gabriele Z\u00f6llner, Meike Hopp and Dorothee Wimmer<\/p>\n<p>If you have any questions about the conference, please send an e-mail to: gabriele.zoellner@hu-berlin.de.<\/p>\n<h3>Organiser<\/h3>\n<p><a href=\"https:\/\/sammlungen.io\" target=\"_blank\" rel=\"noopener\">SODa \u2013 Collections, Objects, Data Literacy <\/a>at the <a href=\"https:\/\/wissenschaftliche-sammlungen.de\/en\/\" target=\"_blank\" rel=\"noopener\">Coordination Centre for Scientific University Collections in Germany<\/a>, Humboldt-Universit\u00e4t zu Berlin in cooperation with \u00a0the Centre for Art Market Studies and the Department of Digital Provenance at Technische Universit\u00e4t Berlin<\/p>\n","protected":false},"excerpt":{"rendered":"<p>Conference 2025 Digital Turn. Collections \u2013 Provenances \u2013 Markets Date: Thursday, November 27 and Friday, November 28, 2025Venue: Auditorium im Jacob-und-Wilhelm-Grimm-Zentrum der Humboldt-Universit\u00e4t zu Berlin, Geschwister-Scholl-Stra\u00dfe 1-3, 10117 Berlin Conference organised by the Centre for Art Market Studies in cooperation with the Department of Digital Provenance at TU Berlin and SODa \u2013 Collections, Objects, Data [&hellip;]<\/p>\n","protected":false},"author":6,"featured_media":0,"parent":0,"menu_order":0,"comment_status":"closed","ping_status":"closed","template":"","meta":{"footnotes":""},"class_list":["post-11567","page","type-page","status-publish","hentry"],"_links":{"self":[{"href":"https:\/\/fokum.org\/en\/wp-json\/wp\/v2\/pages\/11567","targetHints":{"allow":["GET"]}}],"collection":[{"href":"https:\/\/fokum.org\/en\/wp-json\/wp\/v2\/pages"}],"about":[{"href":"https:\/\/fokum.org\/en\/wp-json\/wp\/v2\/types\/page"}],"author":[{"embeddable":true,"href":"https:\/\/fokum.org\/en\/wp-json\/wp\/v2\/users\/6"}],"replies":[{"embeddable":true,"href":"https:\/\/fokum.org\/en\/wp-json\/wp\/v2\/comments?post=11567"}],"version-history":[{"count":140,"href":"https:\/\/fokum.org\/en\/wp-json\/wp\/v2\/pages\/11567\/revisions"}],"predecessor-version":[{"id":12178,"href":"https:\/\/fokum.org\/en\/wp-json\/wp\/v2\/pages\/11567\/revisions\/12178"}],"wp:attachment":[{"href":"https:\/\/fokum.org\/en\/wp-json\/wp\/v2\/media?parent=11567"}],"curies":[{"name":"wp","href":"https:\/\/api.w.org\/{rel}","templated":true}]}}